{"id":6860,"date":"2019-10-22T13:01:22","date_gmt":"2019-10-22T11:01:22","guid":{"rendered":"\/?post_type=product&#038;p=6860"},"modified":"2024-03-22T10:46:09","modified_gmt":"2024-03-22T09:46:09","slug":"bolster","status":"publish","type":"product","link":"https:\/\/www.lidingopilatesyoga.se\/en\/product\/bolster\/","title":{"rendered":"Bolster"},"content":{"rendered":"","protected":false},"excerpt":{"rendered":"<p>Att st\u00f6tta upp med ett bolster hj\u00e4lper oss inte bara kunna sjunka djupare ned i v\u00e4lg\u00f6rande positioner, det kan \u00e4ven vara ett viktigt hj\u00e4lpmedel f\u00f6r att st\u00f6tta kroppen och undvika skada. Detta bolster \u00e4r fyllt med boveteskal och kommer att, med anv\u00e4ndning, forma sig efter din kropp s\u00e5 att du f\u00e5 ut det mesta av din tr\u00e4ning.<\/p>","protected":false},"featured_media":12247,"template":"","meta":{"_acf_changed":false},"product_brand":[],"product_cat":[72],"product_tag":[],"annonsera_pa_startsidan":[],"wf_product_folders":[102],"class_list":{"0":"post-6860","1":"product","2":"type-product","3":"status-publish","4":"has-post-thumbnail","6":"product_cat-props","8":"first","9":"instock","10":"taxable","11":"shipping-taxable","12":"product-type-simple"},"acf":[],"_links":{"self":[{"href":"https:\/\/www.lidingopilatesyoga.se\/en\/wp-json\/wp\/v2\/product\/6860","targetHints":{"allow":["GET"]}}],"collection":[{"href":"https:\/\/www.lidingopilatesyoga.se\/en\/wp-json\/wp\/v2\/product"}],"about":[{"href":"https:\/\/www.lidingopilatesyoga.se\/en\/wp-json\/wp\/v2\/types\/product"}],"wp:featuredmedia":[{"embeddable":true,"href":"https:\/\/www.lidingopilatesyoga.se\/en\/wp-json\/wp\/v2\/media\/12247"}],"wp:attachment":[{"href":"https:\/\/www.lidingopilatesyoga.se\/en\/wp-json\/wp\/v2\/media?parent=6860"}],"wp:term":[{"taxonomy":"product_brand","embeddable":true,"href":"https:\/\/www.lidingopilatesyoga.se\/en\/wp-json\/wp\/v2\/product_brand?post=6860"},{"taxonomy":"product_cat","embeddable":true,"href":"https:\/\/www.lidingopilatesyoga.se\/en\/wp-json\/wp\/v2\/product_cat?post=6860"},{"taxonomy":"product_tag","embeddable":true,"href":"https:\/\/www.lidingopilatesyoga.se\/en\/wp-json\/wp\/v2\/product_tag?post=6860"},{"taxonomy":"annonsera_pa_startsidan","embeddable":true,"href":"https:\/\/www.lidingopilatesyoga.se\/en\/wp-json\/wp\/v2\/annonsera_pa_startsidan?post=6860"},{"taxonomy":"wf_product_folders","embeddable":true,"href":"https:\/\/www.lidingopilatesyoga.se\/en\/wp-json\/wp\/v2\/wf_product_folders?post=6860"}],"curies":[{"name":"wp","href":"https:\/\/api.w.org\/{rel}","templated":true}]}}