{"id":30800,"date":"2026-03-31T10:38:13","date_gmt":"2026-03-31T08:38:13","guid":{"rendered":"https:\/\/www.lidingopilatesyoga.se\/?post_type=product&#038;p=30800"},"modified":"2026-03-31T10:43:29","modified_gmt":"2026-03-31T08:43:29","slug":"yin-ht26","status":"publish","type":"product","link":"https:\/\/www.lidingopilatesyoga.se\/en\/product\/yin-ht26\/","title":{"rendered":"Yinyoga &#8211; HT26"},"content":{"rendered":"<p>En kurs f\u00f6r att verkligen landa tillbaka \u201chem\u201d i kroppen och stilla sinnet.<\/p>\n<p>Yinyogapositioner, d\u00e4r du stannar en l\u00e4ngre stund st\u00f6ttad av bolster, klossar och filtar kommer du att k\u00e4nna dig avslappnad, utstr\u00e4ckt och klarare i sinnet. Yinyoga s\u00e4gs ocks\u00e5 motverka och l\u00e4ka inflammationer i kroppen p\u00e5 kroppens egna villkor. Varje klass avslutas med en avslappning, ibland guidad, ibland till musik eller helt i tystnad. Passar alla niv\u00e5er.<\/p>\n<p>Kursperiod: v 6-17, 10 lektioner<\/p>\n<p>M\u00e5ndagar 17.45-19.00<\/p>","protected":false},"excerpt":{"rendered":"<p>M\u00e5ndagar 17.45<\/p>","protected":false},"featured_media":2173,"template":"","meta":{"_acf_changed":false},"product_brand":[],"product_cat":[31],"product_tag":[],"annonsera_pa_startsidan":[],"wf_product_folders":[137],"class_list":{"0":"post-30800","1":"product","2":"type-product","3":"status-publish","4":"has-post-thumbnail","6":"product_cat-kurser","8":"first","9":"instock","10":"taxable","11":"shipping-taxable","12":"purchasable","13":"product-type-simple"},"acf":[],"_links":{"self":[{"href":"https:\/\/www.lidingopilatesyoga.se\/en\/wp-json\/wp\/v2\/product\/30800","targetHints":{"allow":["GET"]}}],"collection":[{"href":"https:\/\/www.lidingopilatesyoga.se\/en\/wp-json\/wp\/v2\/product"}],"about":[{"href":"https:\/\/www.lidingopilatesyoga.se\/en\/wp-json\/wp\/v2\/types\/product"}],"wp:featuredmedia":[{"embeddable":true,"href":"https:\/\/www.lidingopilatesyoga.se\/en\/wp-json\/wp\/v2\/media\/2173"}],"wp:attachment":[{"href":"https:\/\/www.lidingopilatesyoga.se\/en\/wp-json\/wp\/v2\/media?parent=30800"}],"wp:term":[{"taxonomy":"product_brand","embeddable":true,"href":"https:\/\/www.lidingopilatesyoga.se\/en\/wp-json\/wp\/v2\/product_brand?post=30800"},{"taxonomy":"product_cat","embeddable":true,"href":"https:\/\/www.lidingopilatesyoga.se\/en\/wp-json\/wp\/v2\/product_cat?post=30800"},{"taxonomy":"product_tag","embeddable":true,"href":"https:\/\/www.lidingopilatesyoga.se\/en\/wp-json\/wp\/v2\/product_tag?post=30800"},{"taxonomy":"annonsera_pa_startsidan","embeddable":true,"href":"https:\/\/www.lidingopilatesyoga.se\/en\/wp-json\/wp\/v2\/annonsera_pa_startsidan?post=30800"},{"taxonomy":"wf_product_folders","embeddable":true,"href":"https:\/\/www.lidingopilatesyoga.se\/en\/wp-json\/wp\/v2\/wf_product_folders?post=30800"}],"curies":[{"name":"wp","href":"https:\/\/api.w.org\/{rel}","templated":true}]}}