{"id":12598,"date":"2020-03-25T15:44:46","date_gmt":"2020-03-25T14:44:46","guid":{"rendered":"\/?post_type=product&#038;p=12598"},"modified":"2024-04-17T09:25:00","modified_gmt":"2024-04-17T07:25:00","slug":"ogonkudde","status":"publish","type":"product","link":"https:\/\/www.lidingopilatesyoga.se\/en\/product\/ogonkudde\/","title":{"rendered":"Eye pillow"},"content":{"rendered":"","protected":false},"excerpt":{"rendered":"<p>Med hj\u00e4lp av en \u00f6gonkudde kan du st\u00e4nga ute v\u00e4rlden och ist\u00e4llet l\u00e5ta dina sinnen fyllas med lugn och frid. Denna \u00f6gonkudde \u00e4r gjord av 100% bomull och har en mjuk doft av lavendel f\u00f6r att vagga dig djupare in i en avslappnande Savasanna.<\/p>","protected":false},"featured_media":12263,"template":"","meta":{"_acf_changed":false},"product_brand":[],"product_cat":[72],"product_tag":[],"annonsera_pa_startsidan":[],"wf_product_folders":[102],"class_list":{"0":"post-12598","1":"product","2":"type-product","3":"status-publish","4":"has-post-thumbnail","6":"product_cat-props","8":"first","9":"instock","10":"taxable","11":"shipping-taxable","12":"purchasable","13":"product-type-simple"},"acf":[],"_links":{"self":[{"href":"https:\/\/www.lidingopilatesyoga.se\/en\/wp-json\/wp\/v2\/product\/12598","targetHints":{"allow":["GET"]}}],"collection":[{"href":"https:\/\/www.lidingopilatesyoga.se\/en\/wp-json\/wp\/v2\/product"}],"about":[{"href":"https:\/\/www.lidingopilatesyoga.se\/en\/wp-json\/wp\/v2\/types\/product"}],"wp:featuredmedia":[{"embeddable":true,"href":"https:\/\/www.lidingopilatesyoga.se\/en\/wp-json\/wp\/v2\/media\/12263"}],"wp:attachment":[{"href":"https:\/\/www.lidingopilatesyoga.se\/en\/wp-json\/wp\/v2\/media?parent=12598"}],"wp:term":[{"taxonomy":"product_brand","embeddable":true,"href":"https:\/\/www.lidingopilatesyoga.se\/en\/wp-json\/wp\/v2\/product_brand?post=12598"},{"taxonomy":"product_cat","embeddable":true,"href":"https:\/\/www.lidingopilatesyoga.se\/en\/wp-json\/wp\/v2\/product_cat?post=12598"},{"taxonomy":"product_tag","embeddable":true,"href":"https:\/\/www.lidingopilatesyoga.se\/en\/wp-json\/wp\/v2\/product_tag?post=12598"},{"taxonomy":"annonsera_pa_startsidan","embeddable":true,"href":"https:\/\/www.lidingopilatesyoga.se\/en\/wp-json\/wp\/v2\/annonsera_pa_startsidan?post=12598"},{"taxonomy":"wf_product_folders","embeddable":true,"href":"https:\/\/www.lidingopilatesyoga.se\/en\/wp-json\/wp\/v2\/wf_product_folders?post=12598"}],"curies":[{"name":"wp","href":"https:\/\/api.w.org\/{rel}","templated":true}]}}