{"id":12589,"date":"2020-03-25T15:32:11","date_gmt":"2020-03-25T14:32:11","guid":{"rendered":"\/?post_type=product&#038;p=12589"},"modified":"2024-04-17T09:27:57","modified_gmt":"2024-04-17T07:27:57","slug":"warrior-mat","status":"publish","type":"product","link":"https:\/\/www.lidingopilatesyoga.se\/en\/product\/warrior-mat\/","title":{"rendered":"Warrior Food"},"content":{"rendered":"","protected":false},"excerpt":{"rendered":"<p>S\u00f6ker du en yogamatta med bra grepp och god st\u00f6td\u00e4mpning och l\u00e5ng livsl\u00e4ngd har du hittat din matta h\u00e4r! Det h\u00e4r \u00e4r samma matta som vi har i studion.<\/p>\n<p>Mattan \u00e4r 4 mm tjock.<\/p>","protected":false},"featured_media":12243,"template":"","meta":{"_acf_changed":false},"product_brand":[],"product_cat":[72],"product_tag":[],"annonsera_pa_startsidan":[],"wf_product_folders":[102],"class_list":{"0":"post-12589","1":"product","2":"type-product","3":"status-publish","4":"has-post-thumbnail","6":"product_cat-props","8":"first","9":"instock","10":"taxable","11":"shipping-taxable","12":"purchasable","13":"product-type-simple"},"acf":[],"_links":{"self":[{"href":"https:\/\/www.lidingopilatesyoga.se\/en\/wp-json\/wp\/v2\/product\/12589","targetHints":{"allow":["GET"]}}],"collection":[{"href":"https:\/\/www.lidingopilatesyoga.se\/en\/wp-json\/wp\/v2\/product"}],"about":[{"href":"https:\/\/www.lidingopilatesyoga.se\/en\/wp-json\/wp\/v2\/types\/product"}],"wp:featuredmedia":[{"embeddable":true,"href":"https:\/\/www.lidingopilatesyoga.se\/en\/wp-json\/wp\/v2\/media\/12243"}],"wp:attachment":[{"href":"https:\/\/www.lidingopilatesyoga.se\/en\/wp-json\/wp\/v2\/media?parent=12589"}],"wp:term":[{"taxonomy":"product_brand","embeddable":true,"href":"https:\/\/www.lidingopilatesyoga.se\/en\/wp-json\/wp\/v2\/product_brand?post=12589"},{"taxonomy":"product_cat","embeddable":true,"href":"https:\/\/www.lidingopilatesyoga.se\/en\/wp-json\/wp\/v2\/product_cat?post=12589"},{"taxonomy":"product_tag","embeddable":true,"href":"https:\/\/www.lidingopilatesyoga.se\/en\/wp-json\/wp\/v2\/product_tag?post=12589"},{"taxonomy":"annonsera_pa_startsidan","embeddable":true,"href":"https:\/\/www.lidingopilatesyoga.se\/en\/wp-json\/wp\/v2\/annonsera_pa_startsidan?post=12589"},{"taxonomy":"wf_product_folders","embeddable":true,"href":"https:\/\/www.lidingopilatesyoga.se\/en\/wp-json\/wp\/v2\/wf_product_folders?post=12589"}],"curies":[{"name":"wp","href":"https:\/\/api.w.org\/{rel}","templated":true}]}}