{"id":3,"date":"2020-08-13T09:12:40","date_gmt":"2020-08-13T09:12:40","guid":{"rendered":"\/?page_id=3"},"modified":"2024-05-03T13:47:10","modified_gmt":"2024-05-03T11:47:10","slug":"integritetspolicy","status":"publish","type":"page","link":"https:\/\/www.lidingopilatesyoga.se\/en\/integritetspolicy\/","title":{"rendered":"V\u00e5r Integritetspolicy"},"content":{"rendered":"<div data-elementor-type=\"wp-page\" data-elementor-id=\"3\" class=\"elementor elementor-3\" data-elementor-settings=\"{&quot;element_pack_global_tooltip_width&quot;:{&quot;unit&quot;:&quot;px&quot;,&quot;size&quot;:&quot;&quot;,&quot;sizes&quot;:[]},&quot;element_pack_global_tooltip_width_tablet&quot;:{&quot;unit&quot;:&quot;px&quot;,&quot;size&quot;:&quot;&quot;,&quot;sizes&quot;:[]},&quot;element_pack_global_tooltip_width_mobile&quot;:{&quot;unit&quot;:&quot;px&quot;,&quot;size&quot;:&quot;&quot;,&quot;sizes&quot;:[]},&quot;element_pack_global_tooltip_padding&quot;:{&quot;unit&quot;:&quot;px&quot;,&quot;top&quot;:&quot;&quot;,&quot;right&quot;:&quot;&quot;,&quot;bottom&quot;:&quot;&quot;,&quot;left&quot;:&quot;&quot;,&quot;isLinked&quot;:true},&quot;element_pack_global_tooltip_padding_tablet&quot;:{&quot;unit&quot;:&quot;px&quot;,&quot;top&quot;:&quot;&quot;,&quot;right&quot;:&quot;&quot;,&quot;bottom&quot;:&quot;&quot;,&quot;left&quot;:&quot;&quot;,&quot;isLinked&quot;:true},&quot;element_pack_global_tooltip_padding_mobile&quot;:{&quot;unit&quot;:&quot;px&quot;,&quot;top&quot;:&quot;&quot;,&quot;right&quot;:&quot;&quot;,&quot;bottom&quot;:&quot;&quot;,&quot;left&quot;:&quot;&quot;,&quot;isLinked&quot;:true},&quot;element_pack_global_tooltip_border_radius&quot;:{&quot;unit&quot;:&quot;px&quot;,&quot;top&quot;:&quot;&quot;,&quot;right&quot;:&quot;&quot;,&quot;bottom&quot;:&quot;&quot;,&quot;left&quot;:&quot;&quot;,&quot;isLinked&quot;:true},&quot;element_pack_global_tooltip_border_radius_tablet&quot;:{&quot;unit&quot;:&quot;px&quot;,&quot;top&quot;:&quot;&quot;,&quot;right&quot;:&quot;&quot;,&quot;bottom&quot;:&quot;&quot;,&quot;left&quot;:&quot;&quot;,&quot;isLinked&quot;:true},&quot;element_pack_global_tooltip_border_radius_mobile&quot;:{&quot;unit&quot;:&quot;px&quot;,&quot;top&quot;:&quot;&quot;,&quot;right&quot;:&quot;&quot;,&quot;bottom&quot;:&quot;&quot;,&quot;left&quot;:&quot;&quot;,&quot;isLinked&quot;:true}}\" data-elementor-post-type=\"page\">\n\t\t\t\t\t\t<section class=\"elementor-section elementor-top-section elementor-element elementor-element-50e8328 elementor-section-full_width elementor-section-content-middle elementor-section-stretched elementor-section-height-default elementor-section-height-default\" data-id=\"50e8328\" data-element_type=\"section\" data-e-type=\"section\" data-settings=\"{&quot;stretch_section&quot;:&quot;section-stretched&quot;}\">\n\t\t\t\t\t\t<div class=\"elementor-container elementor-column-gap-default\">\n\t\t\t\t\t<div class=\"elementor-column elementor-col-100 elementor-top-column elementor-element elementor-element-61d2376\" data-id=\"61d2376\" data-element_type=\"column\" data-e-type=\"column\">\n\t\t\t<div class=\"elementor-widget-wrap elementor-element-populated\">\n\t\t\t\t\t\t<div class=\"elementor-element elementor-element-dd2660f elementor-widget elementor-widget-heading\" data-id=\"dd2660f\" data-element_type=\"widget\" data-e-type=\"widget\" data-widget_type=\"heading.default\">\n\t\t\t\t<div class=\"elementor-widget-container\">\n\t\t\t\t\t<h2 class=\"elementor-heading-title elementor-size-default\">Dina personuppgifter<\/h2>\t\t\t\t<\/div>\n\t\t\t\t<\/div>\n\t\t\t\t<div class=\"elementor-element elementor-element-b7de122 elementor-widget-divider--view-line elementor-widget elementor-widget-divider\" data-id=\"b7de122\" data-element_type=\"widget\" data-e-type=\"widget\" data-widget_type=\"divider.default\">\n\t\t\t\t<div class=\"elementor-widget-container\">\n\t\t\t\t\t\t\t<div class=\"elementor-divider\">\n\t\t\t<span class=\"elementor-divider-separator\">\n\t\t\t\t\t\t<\/span>\n\t\t<\/div>\n\t\t\t\t\t\t<\/div>\n\t\t\t\t<\/div>\n\t\t\t\t<section class=\"elementor-section elementor-inner-section elementor-element elementor-element-cbe488e elementor-section-boxed elementor-section-height-default elementor-section-height-default\" data-id=\"cbe488e\" data-element_type=\"section\" data-e-type=\"section\">\n\t\t\t\t\t\t<div class=\"elementor-container elementor-column-gap-default\">\n\t\t\t\t\t<div class=\"elementor-column elementor-col-16 elementor-inner-column elementor-element elementor-element-9a8b761\" data-id=\"9a8b761\" data-element_type=\"column\" data-e-type=\"column\">\n\t\t\t<div class=\"elementor-widget-wrap\">\n\t\t\t\t\t\t\t<\/div>\n\t\t<\/div>\n\t\t\t\t<div class=\"elementor-column elementor-col-66 elementor-inner-column elementor-element elementor-element-3d7c45a\" data-id=\"3d7c45a\" data-element_type=\"column\" data-e-type=\"column\">\n\t\t\t<div class=\"elementor-widget-wrap elementor-element-populated\">\n\t\t\t\t\t\t<div class=\"elementor-element elementor-element-6213bd2 elementor-widget elementor-widget-text-editor\" data-id=\"6213bd2\" data-element_type=\"widget\" data-e-type=\"widget\" data-widget_type=\"text-editor.default\">\n\t\t\t\t<div class=\"elementor-widget-container\">\n\t\t\t\t\t\t\t\t\t<p>Liding\u00f6 Gymnastikskola AB org. nr 556897-1484 bolaget bakom Liding\u00f6 Pilates Yoga Center (h\u00e4r kallat &#8221;Liding\u00f6 Pilates Yoga Center &#8221;, \u201dLPYC\u201d, &#8221;vi&#8221;, &#8221;oss&#8221;, &#8221;v\u00e5r&#8221;) v\u00e4lkomnar anm\u00e4lningar till kurser samt k\u00f6p av kurser och utrustning. Vi \u00e4r m\u00e5na om att skydda och respektera din integritet. Denna integritetspolicy f\u00f6rklarar hur vi samlar in, anv\u00e4nder, delar och skyddar dina personuppgifter i samband med v\u00e5ra tj\u00e4nster och webbplatsen lidingopilatesyoga.se.<\/p><h4>Insamling av personuppgifter\u00a0<\/h4><p>Vi samlar in personuppgifter fr\u00e5n dig n\u00e4r du genomf\u00f6r ett k\u00f6p eller tyller i ett av v\u00e5ra kontaktformul\u00e4r. De personuppgifter vi samlar in \u00e4r ditt namn, din e-postadress och eventuella andra uppgifter du frivilligt tillhandah\u00e5ller oss.<\/p><h4>Anv\u00e4ndning av personuppgifter\u00a0<\/h4><p>Vi anv\u00e4nder de personuppgifter vi samlar in f\u00f6r att kommunicera med dig i samband med kursperioder och f\u00f6r att planera v\u00e5rt arbete. Genom att l\u00e4mna din e-postadress godk\u00e4nner du att vi kan kontakta dig.\u00a0<\/p><h4>Delning av personuppgifter\u00a0<\/h4><p>Liding\u00f6 Pilates &amp; Yoga Center \u00e4r en del av Liding\u00f6 Gymnastikskola. Vi hanterar dina personuppgifter inom det \u00f6vergripande f\u00f6retaget Liding\u00f6 Gymnastikskola AB:s verksamhet men delar inte uppgifterna med tredje part utan ditt samtycke, f\u00f6rutom i de fall d\u00e4r det kr\u00e4vs enligt lag eller f\u00f6r att uppfylla v\u00e5ra skyldigheter gentemot dig.\u00a0<\/p><h4>Skydd av personuppgifter\u00a0<\/h4><p>Vi vidtar l\u00e4mpliga tekniska och organisatoriska \u00e5tg\u00e4rder f\u00f6r att skydda dina personuppgifter mot oavsiktlig eller olaglig f\u00f6rst\u00f6relse, f\u00f6rlust, \u00e4ndring, otill\u00e5ten avsl\u00f6jande eller \u00e5tkomst.\u00a0<\/p><h4>Dina r\u00e4ttigheter\u00a0<\/h4><p>Du har r\u00e4tt att beg\u00e4ra tillg\u00e5ng till och korrigering av dina personuppgifter som vi behandlar. Du har \u00e4ven r\u00e4tt att inv\u00e4nda mot eller beg\u00e4ra begr\u00e4nsning av v\u00e5r behandling av dina personuppgifter samt att beg\u00e4ra radering av dina personuppgifter. F\u00f6r att ut\u00f6va dina r\u00e4ttigheter eller om du har n\u00e5gra fr\u00e5gor om v\u00e5r integritetspolicy, v\u00e4nligen kontakta oss p\u00e5 info@roproperties.se.\u00a0<\/p><p>Genom att anv\u00e4nda v\u00e5ra tj\u00e4nster och webbplatsen panoramanynashamn.se samtycker du till v\u00e5r insamling, anv\u00e4ndning och delning av dina personuppgifter i enlighet med denna integritetspolicy.\u00a0<\/p><p>Vi f\u00f6rbeh\u00e5ller oss r\u00e4tten att \u00e4ndra denna integritetspolicy. Eventuella \u00e4ndringar kommer att publiceras p\u00e5 denna sida med en uppdaterad datumangivelse. Vi rekommenderar att du regelbundet granskar denna integritetspolicy f\u00f6r att h\u00e5lla dig informerad om hur vi skyddar din integritet.<\/p><p><a href=\"https:\/\/www.panoramanynashamn.se\/cookiespolicy\/\">V\u00e5r Cookiepolicy<\/a><\/p>\t\t\t\t\t\t\t\t<\/div>\n\t\t\t\t<\/div>\n\t\t\t\t\t<\/div>\n\t\t<\/div>\n\t\t\t\t<div class=\"elementor-column elementor-col-16 elementor-inner-column elementor-element elementor-element-310e654\" data-id=\"310e654\" data-element_type=\"column\" data-e-type=\"column\">\n\t\t\t<div class=\"elementor-widget-wrap\">\n\t\t\t\t\t\t\t<\/div>\n\t\t<\/div>\n\t\t\t\t\t<\/div>\n\t\t<\/section>\n\t\t\t\t\t<\/div>\n\t\t<\/div>\n\t\t\t\t\t<\/div>\n\t\t<\/section>\n\t\t\t\t<\/div>","protected":false},"excerpt":{"rendered":"<p>Dina personuppgifter Liding\u00f6 Gymnastikskola AB org. nr 556897-1484 bolaget bakom Liding\u00f6 Pilates Yoga Center (h\u00e4r kallat &#8221;Liding\u00f6 Pilates Yoga Center &#8221;, \u201dLPYC\u201d, &#8221;vi&#8221;, &#8221;oss&#8221;, &#8221;v\u00e5r&#8221;) v\u00e4lkomnar anm\u00e4lningar till kurser samt k\u00f6p av kurser och utrustning. Vi \u00e4r m\u00e5na om att skydda och respektera din integritet. Denna integritetspolicy f\u00f6rklarar hur vi samlar in, anv\u00e4nder, delar och [&hellip;]<\/p>\n","protected":false},"author":4,"featured_media":0,"parent":0,"menu_order":0,"comment_status":"closed","ping_status":"closed","template":"","meta":{"_acf_changed":false,"footnotes":""},"wf_page_folders":[112],"class_list":["post-3","page","type-page","status-publish","hentry"],"acf":[],"_links":{"self":[{"href":"https:\/\/www.lidingopilatesyoga.se\/en\/wp-json\/wp\/v2\/pages\/3","targetHints":{"allow":["GET"]}}],"collection":[{"href":"https:\/\/www.lidingopilatesyoga.se\/en\/wp-json\/wp\/v2\/pages"}],"about":[{"href":"https:\/\/www.lidingopilatesyoga.se\/en\/wp-json\/wp\/v2\/types\/page"}],"author":[{"embeddable":true,"href":"https:\/\/www.lidingopilatesyoga.se\/en\/wp-json\/wp\/v2\/users\/4"}],"replies":[{"embeddable":true,"href":"https:\/\/www.lidingopilatesyoga.se\/en\/wp-json\/wp\/v2\/comments?post=3"}],"version-history":[{"count":0,"href":"https:\/\/www.lidingopilatesyoga.se\/en\/wp-json\/wp\/v2\/pages\/3\/revisions"}],"wp:attachment":[{"href":"https:\/\/www.lidingopilatesyoga.se\/en\/wp-json\/wp\/v2\/media?parent=3"}],"wp:term":[{"taxonomy":"wf_page_folders","embeddable":true,"href":"https:\/\/www.lidingopilatesyoga.se\/en\/wp-json\/wp\/v2\/wf_page_folders?post=3"}],"curies":[{"name":"wp","href":"https:\/\/api.w.org\/{rel}","templated":true}]}}