{"id":29231,"date":"2024-07-08T11:31:08","date_gmt":"2024-07-08T09:31:08","guid":{"rendered":"\/?page_id=29231"},"modified":"2024-07-08T15:19:25","modified_gmt":"2024-07-08T13:19:25","slug":"sommarkurs-i-pilates-kl-1400-2024-07-10","status":"publish","type":"page","link":"https:\/\/www.lidingopilatesyoga.se\/en\/sommarkurs-i-pilates-kl-1400-2024-07-10\/","title":{"rendered":"Instrukt\u00f6rers lektionsrapport"},"content":{"rendered":"\t\t<div data-elementor-type=\"wp-page\" data-elementor-id=\"29231\" class=\"elementor elementor-29231\" data-elementor-settings=\"{&quot;element_pack_global_tooltip_width&quot;:{&quot;unit&quot;:&quot;px&quot;,&quot;size&quot;:&quot;&quot;,&quot;sizes&quot;:[]},&quot;element_pack_global_tooltip_width_tablet&quot;:{&quot;unit&quot;:&quot;px&quot;,&quot;size&quot;:&quot;&quot;,&quot;sizes&quot;:[]},&quot;element_pack_global_tooltip_width_mobile&quot;:{&quot;unit&quot;:&quot;px&quot;,&quot;size&quot;:&quot;&quot;,&quot;sizes&quot;:[]},&quot;element_pack_global_tooltip_padding&quot;:{&quot;unit&quot;:&quot;px&quot;,&quot;top&quot;:&quot;&quot;,&quot;right&quot;:&quot;&quot;,&quot;bottom&quot;:&quot;&quot;,&quot;left&quot;:&quot;&quot;,&quot;isLinked&quot;:true},&quot;element_pack_global_tooltip_padding_tablet&quot;:{&quot;unit&quot;:&quot;px&quot;,&quot;top&quot;:&quot;&quot;,&quot;right&quot;:&quot;&quot;,&quot;bottom&quot;:&quot;&quot;,&quot;left&quot;:&quot;&quot;,&quot;isLinked&quot;:true},&quot;element_pack_global_tooltip_padding_mobile&quot;:{&quot;unit&quot;:&quot;px&quot;,&quot;top&quot;:&quot;&quot;,&quot;right&quot;:&quot;&quot;,&quot;bottom&quot;:&quot;&quot;,&quot;left&quot;:&quot;&quot;,&quot;isLinked&quot;:true},&quot;element_pack_global_tooltip_border_radius&quot;:{&quot;unit&quot;:&quot;px&quot;,&quot;top&quot;:&quot;&quot;,&quot;right&quot;:&quot;&quot;,&quot;bottom&quot;:&quot;&quot;,&quot;left&quot;:&quot;&quot;,&quot;isLinked&quot;:true},&quot;element_pack_global_tooltip_border_radius_tablet&quot;:{&quot;unit&quot;:&quot;px&quot;,&quot;top&quot;:&quot;&quot;,&quot;right&quot;:&quot;&quot;,&quot;bottom&quot;:&quot;&quot;,&quot;left&quot;:&quot;&quot;,&quot;isLinked&quot;:true},&quot;element_pack_global_tooltip_border_radius_mobile&quot;:{&quot;unit&quot;:&quot;px&quot;,&quot;top&quot;:&quot;&quot;,&quot;right&quot;:&quot;&quot;,&quot;bottom&quot;:&quot;&quot;,&quot;left&quot;:&quot;&quot;,&quot;isLinked&quot;:true}}\" data-elementor-post-type=\"page\">\n\t\t\t\t\t\t<section class=\"elementor-section elementor-top-section elementor-element elementor-element-1cbe5e6c elementor-section-boxed elementor-section-height-default elementor-section-height-default\" data-id=\"1cbe5e6c\" data-element_type=\"section\" data-e-type=\"section\" data-settings=\"{&quot;background_background&quot;:&quot;classic&quot;}\">\n\t\t\t\t\t\t<div class=\"elementor-container elementor-column-gap-wide\">\n\t\t\t\t\t<div class=\"elementor-column elementor-col-100 elementor-top-column elementor-element elementor-element-293ae282\" data-id=\"293ae282\" data-element_type=\"column\" data-e-type=\"column\">\n\t\t\t<div class=\"elementor-widget-wrap elementor-element-populated\">\n\t\t\t\t\t\t<div class=\"elementor-element elementor-element-c3d072c elementor-widget elementor-widget-wpforms\" data-id=\"c3d072c\" data-element_type=\"widget\" data-e-type=\"widget\" data-widget_type=\"wpforms.default\">\n\t\t\t\t<div class=\"elementor-widget-container\">\n\t\t\t\t\t<div class=\"wpforms-container wpforms-container-full\" id=\"wpforms-29205\"><form id=\"wpforms-form-29205\" class=\"wpforms-validate wpforms-form wpforms-ajax-form\" data-formid=\"29205\" method=\"post\" enctype=\"multipart\/form-data\" action=\"\/en\/wp-json\/wp\/v2\/pages\/29231\" data-token=\"aead070dc6ea009b1dbcd18e7e6b6cb6\" data-token-time=\"1777590034\"><noscript class=\"wpforms-error-noscript\">Please enable JavaScript in your browser to complete this form.<\/noscript><div class=\"wpforms-field-container\"><div id=\"wpforms-29205-field_5-container\" class=\"wpforms-field wpforms-field-content\" data-field-id=\"5\"><div id=\"wpforms-29205-field_5\" class=\"wpforms-field-medium wpforms-field-row\"><h2 class=\"elementor-heading-title elementor-size-default\">Sommarkurs pilates 60 min<\/h2>\n<p><em>Onsdag 10\/7 kl. 14:00<\/em><br \/>\n<em><br \/>\nKurskod: SommarPM-24<br \/>\nInstrukt\u00f6r: F\u00f6rnamn Efternamn<\/em><\/p>\n<div class=\"wpforms-field-content-display-frontend-clear\"><\/div><\/div><\/div><div id=\"wpforms-29205-field_7-container\" class=\"wpforms-field wpforms-field-divider\" data-field-id=\"7\"><h3 id=\"wpforms-29205-field_7\">N\u00e4rvaro<\/h3><\/div><div id=\"wpforms-29205-field_27-container\" class=\"wpforms-field wpforms-field-layout\" data-field-id=\"27\"><div class=\"wpforms-field-layout-columns wpforms-field-layout-preset-25-25-25-25\"><div class=\"wpforms-layout-column wpforms-layout-column-25\" ><div id=\"wpforms-29205-field_32-container\" class=\"wpforms-field wpforms-field-content\" data-field-id=\"32\"><div id=\"wpforms-29205-field_32\" class=\"wpforms-field-medium wpforms-field-row\"><h5>Deltagare<\/h5>\n<div class=\"wpforms-field-content-display-frontend-clear\"><\/div><\/div><\/div><\/div><div class=\"wpforms-layout-column wpforms-layout-column-25\" ><div id=\"wpforms-29205-field_33-container\" class=\"wpforms-field wpforms-field-content\" data-field-id=\"33\"><div id=\"wpforms-29205-field_33\" class=\"wpforms-field-medium wpforms-field-row\"><h5>Rapporterat inf\u00f6r lektion<\/h5>\n<div class=\"wpforms-field-content-display-frontend-clear\"><\/div><\/div><\/div><\/div><div class=\"wpforms-layout-column wpforms-layout-column-25\" ><div id=\"wpforms-29205-field_34-container\" class=\"wpforms-field wpforms-field-content\" data-field-id=\"34\"><div id=\"wpforms-29205-field_34\" class=\"wpforms-field-medium wpforms-field-row\"><h5>N\u00e4rvarande<\/h5>\n<div class=\"wpforms-field-content-display-frontend-clear\"><\/div><\/div><\/div><\/div><div class=\"wpforms-layout-column wpforms-layout-column-25\" ><div id=\"wpforms-29205-field_88-container\" class=\"wpforms-field wpforms-field-content\" data-field-id=\"88\"><div id=\"wpforms-29205-field_88\" class=\"wpforms-field-medium wpforms-field-row\"><h5>Kommentar<\/h5>\n<div class=\"wpforms-field-content-display-frontend-clear\"><\/div><\/div><\/div><\/div><\/div><\/div><div id=\"wpforms-29205-field_8-container\" class=\"wpforms-field wpforms-field-layout\" data-field-id=\"8\"><div class=\"wpforms-field-layout-columns wpforms-field-layout-preset-25-25-25-25\"><div class=\"wpforms-layout-column wpforms-layout-column-25\" ><div id=\"wpforms-29205-field_37-container\" class=\"wpforms-field wpforms-field-content\" data-field-id=\"37\"><div id=\"wpforms-29205-field_37\" class=\"wpforms-field-medium wpforms-field-row\"><p><strong>Mia Eriksson Holst<\/strong><\/p>\n<div class=\"wpforms-field-content-display-frontend-clear\"><\/div><\/div><\/div><\/div><div class=\"wpforms-layout-column wpforms-layout-column-25\" ><div id=\"wpforms-29205-field_38-container\" class=\"wpforms-field wpforms-field-content\" data-field-id=\"38\"><div id=\"wpforms-29205-field_38\" class=\"wpforms-field-medium wpforms-field-row\"><p>Kommer<\/p>\n<div class=\"wpforms-field-content-display-frontend-clear\"><\/div><\/div><\/div><\/div><div class=\"wpforms-layout-column wpforms-layout-column-25\" ><div id=\"wpforms-29205-field_26-container\" class=\"wpforms-field wpforms-field-radio wpforms-list-inline\" data-field-id=\"26\"><ul id=\"wpforms-29205-field_26\"><li class=\"choice-1 depth-1\"><input type=\"radio\" id=\"wpforms-29205-field_26_1\" name=\"wpforms[fields][26]\" value=\"Ja\"  ><label class=\"wpforms-field-label-inline\" for=\"wpforms-29205-field_26_1\">Ja<\/label><\/li><li class=\"choice-2 depth-1\"><input type=\"radio\" id=\"wpforms-29205-field_26_2\" name=\"wpforms[fields][26]\" value=\"Nej\"  ><label class=\"wpforms-field-label-inline\" for=\"wpforms-29205-field_26_2\">Nej<\/label><\/li><\/ul><\/div><\/div><div class=\"wpforms-layout-column wpforms-layout-column-25\" ><div id=\"wpforms-29205-field_94-container\" class=\"wpforms-field wpforms-field-text\" data-field-id=\"94\"><input type=\"text\" id=\"wpforms-29205-field_94\" class=\"wpforms-field-medium\" name=\"wpforms[fields][94]\" ><\/div><\/div><\/div><\/div><div id=\"wpforms-29205-field_43-container\" class=\"wpforms-field wpforms-field-layout\" data-field-id=\"43\"><div class=\"wpforms-field-layout-columns wpforms-field-layout-preset-25-25-25-25\"><div class=\"wpforms-layout-column wpforms-layout-column-25\" ><div id=\"wpforms-29205-field_44-container\" class=\"wpforms-field wpforms-field-content\" data-field-id=\"44\"><div id=\"wpforms-29205-field_44\" class=\"wpforms-field-medium wpforms-field-row\"><p><strong>Mirja Blomqvist<\/strong><\/p>\n<div class=\"wpforms-field-content-display-frontend-clear\"><\/div><\/div><\/div><\/div><div class=\"wpforms-layout-column wpforms-layout-column-25\" ><div id=\"wpforms-29205-field_45-container\" class=\"wpforms-field wpforms-field-content\" data-field-id=\"45\"><div id=\"wpforms-29205-field_45\" class=\"wpforms-field-medium wpforms-field-row\"><p>Kommer<\/p>\n<div class=\"wpforms-field-content-display-frontend-clear\"><\/div><\/div><\/div><\/div><div class=\"wpforms-layout-column wpforms-layout-column-25\" ><div id=\"wpforms-29205-field_46-container\" class=\"wpforms-field wpforms-field-radio wpforms-list-inline\" data-field-id=\"46\"><ul id=\"wpforms-29205-field_46\"><li class=\"choice-1 depth-1\"><input type=\"radio\" id=\"wpforms-29205-field_46_1\" name=\"wpforms[fields][46]\" value=\"Ja\"  ><label class=\"wpforms-field-label-inline\" for=\"wpforms-29205-field_46_1\">Ja<\/label><\/li><li class=\"choice-2 depth-1\"><input type=\"radio\" id=\"wpforms-29205-field_46_2\" name=\"wpforms[fields][46]\" value=\"Nej\"  ><label class=\"wpforms-field-label-inline\" for=\"wpforms-29205-field_46_2\">Nej<\/label><\/li><\/ul><\/div><\/div><div class=\"wpforms-layout-column wpforms-layout-column-25\" ><div id=\"wpforms-29205-field_95-container\" class=\"wpforms-field wpforms-field-text\" data-field-id=\"95\"><input type=\"text\" id=\"wpforms-29205-field_95\" class=\"wpforms-field-medium\" name=\"wpforms[fields][95]\" ><\/div><\/div><\/div><\/div><div id=\"wpforms-29205-field_47-container\" class=\"wpforms-field wpforms-field-layout\" data-field-id=\"47\"><div class=\"wpforms-field-layout-columns wpforms-field-layout-preset-25-25-25-25\"><div class=\"wpforms-layout-column wpforms-layout-column-25\" ><div id=\"wpforms-29205-field_48-container\" class=\"wpforms-field wpforms-field-content\" data-field-id=\"48\"><div id=\"wpforms-29205-field_48\" class=\"wpforms-field-medium wpforms-field-row\"><p><strong>G\u00f6ran Folkesson<\/strong><\/p>\n<div class=\"wpforms-field-content-display-frontend-clear\"><\/div><\/div><\/div><\/div><div class=\"wpforms-layout-column wpforms-layout-column-25\" ><div id=\"wpforms-29205-field_49-container\" class=\"wpforms-field wpforms-field-content\" data-field-id=\"49\"><div id=\"wpforms-29205-field_49\" class=\"wpforms-field-medium wpforms-field-row\"><p>Kommer<\/p>\n<div class=\"wpforms-field-content-display-frontend-clear\"><\/div><\/div><\/div><\/div><div class=\"wpforms-layout-column wpforms-layout-column-25\" ><div id=\"wpforms-29205-field_50-container\" class=\"wpforms-field wpforms-field-radio wpforms-list-inline\" data-field-id=\"50\"><ul id=\"wpforms-29205-field_50\"><li class=\"choice-1 depth-1\"><input type=\"radio\" id=\"wpforms-29205-field_50_1\" name=\"wpforms[fields][50]\" value=\"Ja\"  ><label class=\"wpforms-field-label-inline\" for=\"wpforms-29205-field_50_1\">Ja<\/label><\/li><li class=\"choice-2 depth-1\"><input type=\"radio\" id=\"wpforms-29205-field_50_2\" name=\"wpforms[fields][50]\" value=\"Nej\"  ><label class=\"wpforms-field-label-inline\" for=\"wpforms-29205-field_50_2\">Nej<\/label><\/li><\/ul><\/div><\/div><div class=\"wpforms-layout-column wpforms-layout-column-25\" ><div id=\"wpforms-29205-field_90-container\" class=\"wpforms-field wpforms-field-text\" data-field-id=\"90\"><input type=\"text\" id=\"wpforms-29205-field_90\" class=\"wpforms-field-medium\" name=\"wpforms[fields][90]\" ><\/div><\/div><\/div><\/div><div id=\"wpforms-29205-field_51-container\" class=\"wpforms-field wpforms-field-layout\" data-field-id=\"51\"><div class=\"wpforms-field-layout-columns wpforms-field-layout-preset-25-25-25-25\"><div class=\"wpforms-layout-column wpforms-layout-column-25\" ><div id=\"wpforms-29205-field_52-container\" class=\"wpforms-field wpforms-field-content\" data-field-id=\"52\"><div id=\"wpforms-29205-field_52\" class=\"wpforms-field-medium wpforms-field-row\"><p><strong>Jonas Melcherson<\/strong><\/p>\n<div class=\"wpforms-field-content-display-frontend-clear\"><\/div><\/div><\/div><\/div><div class=\"wpforms-layout-column wpforms-layout-column-25\" ><div id=\"wpforms-29205-field_53-container\" class=\"wpforms-field wpforms-field-content\" data-field-id=\"53\"><div id=\"wpforms-29205-field_53\" class=\"wpforms-field-medium wpforms-field-row\"><p><span style=\"color: #cc3399\">Avanm\u00e4ld<\/span><\/p>\n<div class=\"wpforms-field-content-display-frontend-clear\"><\/div><\/div><\/div><\/div><div class=\"wpforms-layout-column wpforms-layout-column-25\" ><div id=\"wpforms-29205-field_54-container\" class=\"wpforms-field wpforms-field-radio wpforms-list-inline\" data-field-id=\"54\"><ul id=\"wpforms-29205-field_54\"><li class=\"choice-1 depth-1\"><input type=\"radio\" id=\"wpforms-29205-field_54_1\" name=\"wpforms[fields][54]\" value=\"Ja\"  ><label class=\"wpforms-field-label-inline\" for=\"wpforms-29205-field_54_1\">Ja<\/label><\/li><li class=\"choice-2 depth-1\"><input type=\"radio\" id=\"wpforms-29205-field_54_2\" name=\"wpforms[fields][54]\" value=\"Nej\"  ><label class=\"wpforms-field-label-inline\" for=\"wpforms-29205-field_54_2\">Nej<\/label><\/li><\/ul><\/div><\/div><div class=\"wpforms-layout-column wpforms-layout-column-25\" ><div id=\"wpforms-29205-field_91-container\" class=\"wpforms-field wpforms-field-text\" data-field-id=\"91\"><input type=\"text\" id=\"wpforms-29205-field_91\" class=\"wpforms-field-medium\" name=\"wpforms[fields][91]\" ><\/div><\/div><\/div><\/div><div id=\"wpforms-29205-field_56-container\" class=\"wpforms-field wpforms-field-layout\" data-field-id=\"56\"><div class=\"wpforms-field-layout-columns wpforms-field-layout-preset-25-25-25-25\"><div class=\"wpforms-layout-column wpforms-layout-column-25\" ><div id=\"wpforms-29205-field_57-container\" class=\"wpforms-field wpforms-field-content\" data-field-id=\"57\"><div id=\"wpforms-29205-field_57\" class=\"wpforms-field-medium wpforms-field-row\"><h5>Tar igen lektion<\/h5>\n<div class=\"wpforms-field-content-display-frontend-clear\"><\/div><\/div><\/div><\/div><div class=\"wpforms-layout-column wpforms-layout-column-25\" ><div id=\"wpforms-29205-field_58-container\" class=\"wpforms-field wpforms-field-content\" data-field-id=\"58\"><div id=\"wpforms-29205-field_58\" class=\"wpforms-field-medium wpforms-field-row\"><h5>Rapporterat inf\u00f6r lektion<\/h5>\n<div class=\"wpforms-field-content-display-frontend-clear\"><\/div><\/div><\/div><\/div><div class=\"wpforms-layout-column wpforms-layout-column-25\" ><div id=\"wpforms-29205-field_59-container\" class=\"wpforms-field wpforms-field-content\" data-field-id=\"59\"><div id=\"wpforms-29205-field_59\" class=\"wpforms-field-medium wpforms-field-row\"><h5>N\u00e4rvarande<\/h5>\n<div class=\"wpforms-field-content-display-frontend-clear\"><\/div><\/div><\/div><\/div><div class=\"wpforms-layout-column wpforms-layout-column-25\" ><div id=\"wpforms-29205-field_89-container\" class=\"wpforms-field wpforms-field-content\" data-field-id=\"89\"><div id=\"wpforms-29205-field_89\" class=\"wpforms-field-medium wpforms-field-row\"><h5>Kommentar<\/h5>\n<div class=\"wpforms-field-content-display-frontend-clear\"><\/div><\/div><\/div><\/div><\/div><\/div><div id=\"wpforms-29205-field_60-container\" class=\"wpforms-field wpforms-field-layout\" data-field-id=\"60\"><div class=\"wpforms-field-layout-columns wpforms-field-layout-preset-25-25-25-25\"><div class=\"wpforms-layout-column wpforms-layout-column-25\" ><div id=\"wpforms-29205-field_61-container\" class=\"wpforms-field wpforms-field-content\" data-field-id=\"61\"><div id=\"wpforms-29205-field_61\" class=\"wpforms-field-medium wpforms-field-row\"><p><strong>Anette Behm<\/strong><\/p>\n<div class=\"wpforms-field-content-display-frontend-clear\"><\/div><\/div><\/div><\/div><div class=\"wpforms-layout-column wpforms-layout-column-25\" ><div id=\"wpforms-29205-field_62-container\" class=\"wpforms-field wpforms-field-content\" data-field-id=\"62\"><div id=\"wpforms-29205-field_62\" class=\"wpforms-field-medium wpforms-field-row\"><p>Tar igen lektion<\/p>\n<div class=\"wpforms-field-content-display-frontend-clear\"><\/div><\/div><\/div><\/div><div class=\"wpforms-layout-column wpforms-layout-column-25\" ><div id=\"wpforms-29205-field_63-container\" class=\"wpforms-field wpforms-field-radio wpforms-list-inline\" data-field-id=\"63\"><ul id=\"wpforms-29205-field_63\"><li class=\"choice-1 depth-1\"><input type=\"radio\" id=\"wpforms-29205-field_63_1\" name=\"wpforms[fields][63]\" value=\"Ja\"  ><label class=\"wpforms-field-label-inline\" for=\"wpforms-29205-field_63_1\">Ja<\/label><\/li><li class=\"choice-2 depth-1\"><input type=\"radio\" id=\"wpforms-29205-field_63_2\" name=\"wpforms[fields][63]\" value=\"Nej\"  ><label class=\"wpforms-field-label-inline\" for=\"wpforms-29205-field_63_2\">Nej<\/label><\/li><\/ul><\/div><\/div><div class=\"wpforms-layout-column wpforms-layout-column-25\" ><div id=\"wpforms-29205-field_92-container\" class=\"wpforms-field wpforms-field-text\" data-field-id=\"92\"><input type=\"text\" id=\"wpforms-29205-field_92\" class=\"wpforms-field-medium\" name=\"wpforms[fields][92]\" ><\/div><\/div><\/div><\/div><div id=\"wpforms-29205-field_74-container\" class=\"wpforms-field wpforms-field-layout\" data-field-id=\"74\"><div class=\"wpforms-field-layout-columns wpforms-field-layout-preset-25-25-25-25\"><div class=\"wpforms-layout-column wpforms-layout-column-25\" ><div id=\"wpforms-29205-field_75-container\" class=\"wpforms-field wpforms-field-content\" data-field-id=\"75\"><div id=\"wpforms-29205-field_75\" class=\"wpforms-field-medium wpforms-field-row\"><p><strong>Agneta Munther<\/strong><\/p>\n<div class=\"wpforms-field-content-display-frontend-clear\"><\/div><\/div><\/div><\/div><div class=\"wpforms-layout-column wpforms-layout-column-25\" ><div id=\"wpforms-29205-field_76-container\" class=\"wpforms-field wpforms-field-content\" data-field-id=\"76\"><div id=\"wpforms-29205-field_76\" class=\"wpforms-field-medium wpforms-field-row\"><p>Tar igen lektion<\/p>\n<div class=\"wpforms-field-content-display-frontend-clear\"><\/div><\/div><\/div><\/div><div class=\"wpforms-layout-column wpforms-layout-column-25\" ><div id=\"wpforms-29205-field_77-container\" class=\"wpforms-field wpforms-field-radio wpforms-list-inline\" data-field-id=\"77\"><ul id=\"wpforms-29205-field_77\"><li class=\"choice-1 depth-1\"><input type=\"radio\" id=\"wpforms-29205-field_77_1\" name=\"wpforms[fields][77]\" value=\"Ja\"  ><label class=\"wpforms-field-label-inline\" for=\"wpforms-29205-field_77_1\">Ja<\/label><\/li><li class=\"choice-2 depth-1\"><input type=\"radio\" id=\"wpforms-29205-field_77_2\" name=\"wpforms[fields][77]\" value=\"Nej\"  ><label class=\"wpforms-field-label-inline\" for=\"wpforms-29205-field_77_2\">Nej<\/label><\/li><\/ul><\/div><\/div><div class=\"wpforms-layout-column wpforms-layout-column-25\" ><div id=\"wpforms-29205-field_93-container\" class=\"wpforms-field wpforms-field-text\" data-field-id=\"93\"><input type=\"text\" id=\"wpforms-29205-field_93\" class=\"wpforms-field-medium\" name=\"wpforms[fields][93]\" ><\/div><\/div><\/div><\/div><div id=\"wpforms-29205-field_73-container\" class=\"wpforms-field wpforms-field-divider\" data-field-id=\"73\"><h3 id=\"wpforms-29205-field_73\">Ytterligare deltagare<\/h3><div class=\"wpforms-field-description\">Ange om det d\u00f6k upp ytterligare deltagare till den h\u00e4r lektionen.<\/div><\/div><div id=\"wpforms-29205-field_84-container\" class=\"wpforms-field wpforms-field-text wpforms-conditional-trigger\" data-field-id=\"84\"><label class=\"wpforms-field-label\" for=\"wpforms-29205-field_84\">Extra deltagare<\/label><input type=\"text\" id=\"wpforms-29205-field_84\" class=\"wpforms-field-medium\" name=\"wpforms[fields][84]\" ><div class=\"wpforms-field-description\">F\u00f6rnamn Efternamn och ev. kommentar<\/div><\/div><div id=\"wpforms-29205-field_85-container\" class=\"wpforms-field wpforms-field-text wpforms-conditional-field wpforms-conditional-show wpforms-conditional-trigger\" data-field-id=\"85\" style=\"display:none;\"><label class=\"wpforms-field-label\" for=\"wpforms-29205-field_85\">Extra deltagare #2<\/label><input type=\"text\" id=\"wpforms-29205-field_85\" class=\"wpforms-field-medium\" name=\"wpforms[fields][85]\" ><div class=\"wpforms-field-description\">F\u00f6rnamn Efternamn och ev. kommentar<\/div><\/div><div id=\"wpforms-29205-field_86-container\" class=\"wpforms-field wpforms-field-text wpforms-conditional-field wpforms-conditional-show wpforms-conditional-trigger\" data-field-id=\"86\" style=\"display:none;\"><label class=\"wpforms-field-label\" for=\"wpforms-29205-field_86\">Extra deltagare #3<\/label><input type=\"text\" id=\"wpforms-29205-field_86\" class=\"wpforms-field-medium\" name=\"wpforms[fields][86]\" ><div class=\"wpforms-field-description\">F\u00f6rnamn Efternamn och ev. kommentar<\/div><\/div><div id=\"wpforms-29205-field_87-container\" class=\"wpforms-field wpforms-field-text wpforms-conditional-field wpforms-conditional-show\" data-field-id=\"87\" style=\"display:none;\"><label class=\"wpforms-field-label\" for=\"wpforms-29205-field_87\">Extra deltagare #4<\/label><input type=\"text\" id=\"wpforms-29205-field_87\" class=\"wpforms-field-medium\" name=\"wpforms[fields][87]\" ><div class=\"wpforms-field-description\">F\u00f6rnamn Efternamn och ev. kommentar<\/div><\/div><\/div><!-- .wpforms-field-container --><div class=\"wpforms-submit-container\" ><input type=\"hidden\" name=\"wpforms[id]\" value=\"29205\"><input type=\"hidden\" name=\"page_title\" value=\"\"><input type=\"hidden\" name=\"page_url\" value=\"https:\/\/www.lidingopilatesyoga.se\/en\/wp-json\/wp\/v2\/pages\/29231\"><input type=\"hidden\" name=\"url_referer\" value=\"\"><button type=\"submit\" name=\"wpforms[submit]\" id=\"wpforms-submit-29205\" class=\"wpforms-submit\" data-alt-text=\"Skickar \u2026\" data-submit-text=\"Skicka till kontoret\" aria-live=\"assertive\" value=\"wpforms-submit\">Skicka till kontoret<\/button><img decoding=\"async\" src=\"https:\/\/www.lidingopilatesyoga.se\/wp-content\/plugins\/wpforms\/assets\/images\/submit-spin.svg\" class=\"wpforms-submit-spinner\" style=\"display: none;\" width=\"26\" height=\"26\" alt=\"Loading\"><\/div><input\n                    class=\"apbct_special_field apbct_email_id__wp_wpforms\"\n                    name=\"apbct__email_id__wp_wpforms\"\n                    aria-label=\"apbct__label_id__wp_wpforms\"\n                    type=\"text\" size=\"30\" maxlength=\"200\" autocomplete=\"off\"\n                    value=\"\"\n                \/><input\n                    class=\"apbct_special_field apbct_email_id__elementor_form\"\n                    name=\"apbct__email_id__elementor_form\"\n                    aria-label=\"apbct__label_id__elementor_form\"\n                    type=\"text\" size=\"30\" maxlength=\"200\" autocomplete=\"off\"\n                    value=\"\"\n                \/><\/form><\/div>  <!-- .wpforms-container -->\t\t\t\t<\/div>\n\t\t\t\t<\/div>\n\t\t\t\t\t<\/div>\n\t\t<\/div>\n\t\t\t\t\t<\/div>\n\t\t<\/section>\n\t\t\t\t<\/div>\n\t\t","protected":false},"excerpt":{"rendered":"<p>Aktivera JavaScript i din webbl\u00e4sare f\u00f6r att slutf\u00f6ra detta formul\u00e4r. Sommarkurs pilates 60 min Onsdag 10\/7 kl. 14:00 Kurskod: SommarPM-24 Instrukt\u00f6r: F\u00f6rnamn Efternamn N\u00e4rvaro Tabel Header Deltagare Rapporterat inf\u00f6r lektion N\u00e4rvarande Kommentar Layout Mia Eriksson Holst Kommer Ja Nej Mirja Blomqvist Mirja Blomqvist Kommer Ja Nej G\u00f6ran Folkesson G\u00f6ran Folkesson Kommer Ja Nej Jonas Melcherson [&hellip;]<\/p>\n","protected":false},"author":2,"featured_media":0,"parent":0,"menu_order":0,"comment_status":"closed","ping_status":"closed","template":"","meta":{"_acf_changed":false,"footnotes":""},"wf_page_folders":[],"class_list":["post-29231","page","type-page","status-publish","hentry"],"acf":[],"_links":{"self":[{"href":"https:\/\/www.lidingopilatesyoga.se\/en\/wp-json\/wp\/v2\/pages\/29231","targetHints":{"allow":["GET"]}}],"collection":[{"href":"https:\/\/www.lidingopilatesyoga.se\/en\/wp-json\/wp\/v2\/pages"}],"about":[{"href":"https:\/\/www.lidingopilatesyoga.se\/en\/wp-json\/wp\/v2\/types\/page"}],"author":[{"embeddable":true,"href":"https:\/\/www.lidingopilatesyoga.se\/en\/wp-json\/wp\/v2\/users\/2"}],"replies":[{"embeddable":true,"href":"https:\/\/www.lidingopilatesyoga.se\/en\/wp-json\/wp\/v2\/comments?post=29231"}],"version-history":[{"count":0,"href":"https:\/\/www.lidingopilatesyoga.se\/en\/wp-json\/wp\/v2\/pages\/29231\/revisions"}],"wp:attachment":[{"href":"https:\/\/www.lidingopilatesyoga.se\/en\/wp-json\/wp\/v2\/media?parent=29231"}],"wp:term":[{"taxonomy":"wf_page_folders","embeddable":true,"href":"https:\/\/www.lidingopilatesyoga.se\/en\/wp-json\/wp\/v2\/wf_page_folders?post=29231"}],"curies":[{"name":"wp","href":"https:\/\/api.w.org\/{rel}","templated":true}]}}