{"id":1352,"date":"2016-07-19T16:43:28","date_gmt":"2016-07-19T14:43:28","guid":{"rendered":"\/?page_id=1352"},"modified":"2024-02-09T15:39:19","modified_gmt":"2024-02-09T14:39:19","slug":"informationtillinstruktor","status":"publish","type":"page","link":"https:\/\/www.lidingopilatesyoga.se\/en\/anmalan\/informationtillinstruktor\/","title":{"rendered":"Information till instrukt\u00f6r"},"content":{"rendered":"\t\t<div data-elementor-type=\"wp-page\" data-elementor-id=\"1352\" class=\"elementor elementor-1352\" data-elementor-settings=\"{&quot;element_pack_global_tooltip_width&quot;:{&quot;unit&quot;:&quot;px&quot;,&quot;size&quot;:&quot;&quot;,&quot;sizes&quot;:[]},&quot;element_pack_global_tooltip_width_tablet&quot;:{&quot;unit&quot;:&quot;px&quot;,&quot;size&quot;:&quot;&quot;,&quot;sizes&quot;:[]},&quot;element_pack_global_tooltip_width_mobile&quot;:{&quot;unit&quot;:&quot;px&quot;,&quot;size&quot;:&quot;&quot;,&quot;sizes&quot;:[]},&quot;element_pack_global_tooltip_padding&quot;:{&quot;unit&quot;:&quot;px&quot;,&quot;top&quot;:&quot;&quot;,&quot;right&quot;:&quot;&quot;,&quot;bottom&quot;:&quot;&quot;,&quot;left&quot;:&quot;&quot;,&quot;isLinked&quot;:true},&quot;element_pack_global_tooltip_padding_tablet&quot;:{&quot;unit&quot;:&quot;px&quot;,&quot;top&quot;:&quot;&quot;,&quot;right&quot;:&quot;&quot;,&quot;bottom&quot;:&quot;&quot;,&quot;left&quot;:&quot;&quot;,&quot;isLinked&quot;:true},&quot;element_pack_global_tooltip_padding_mobile&quot;:{&quot;unit&quot;:&quot;px&quot;,&quot;top&quot;:&quot;&quot;,&quot;right&quot;:&quot;&quot;,&quot;bottom&quot;:&quot;&quot;,&quot;left&quot;:&quot;&quot;,&quot;isLinked&quot;:true},&quot;element_pack_global_tooltip_border_radius&quot;:{&quot;unit&quot;:&quot;px&quot;,&quot;top&quot;:&quot;&quot;,&quot;right&quot;:&quot;&quot;,&quot;bottom&quot;:&quot;&quot;,&quot;left&quot;:&quot;&quot;,&quot;isLinked&quot;:true},&quot;element_pack_global_tooltip_border_radius_tablet&quot;:{&quot;unit&quot;:&quot;px&quot;,&quot;top&quot;:&quot;&quot;,&quot;right&quot;:&quot;&quot;,&quot;bottom&quot;:&quot;&quot;,&quot;left&quot;:&quot;&quot;,&quot;isLinked&quot;:true},&quot;element_pack_global_tooltip_border_radius_mobile&quot;:{&quot;unit&quot;:&quot;px&quot;,&quot;top&quot;:&quot;&quot;,&quot;right&quot;:&quot;&quot;,&quot;bottom&quot;:&quot;&quot;,&quot;left&quot;:&quot;&quot;,&quot;isLinked&quot;:true}}\" data-elementor-post-type=\"page\">\n\t\t\t\t\t\t<section class=\"elementor-section elementor-top-section elementor-element elementor-element-2b7a37cb elementor-section-boxed elementor-section-height-default elementor-section-height-default\" data-id=\"2b7a37cb\" data-element_type=\"section\" data-e-type=\"section\">\n\t\t\t\t\t\t<div class=\"elementor-container elementor-column-gap-default\">\n\t\t\t\t\t<div class=\"elementor-column elementor-col-16 elementor-top-column elementor-element elementor-element-9bb44e8\" data-id=\"9bb44e8\" data-element_type=\"column\" data-e-type=\"column\">\n\t\t\t<div class=\"elementor-widget-wrap\">\n\t\t\t\t\t\t\t<\/div>\n\t\t<\/div>\n\t\t\t\t<div class=\"elementor-column elementor-col-66 elementor-top-column elementor-element elementor-element-511a7aa\" data-id=\"511a7aa\" data-element_type=\"column\" data-e-type=\"column\">\n\t\t\t<div class=\"elementor-widget-wrap elementor-element-populated\">\n\t\t\t\t\t\t<div class=\"elementor-element elementor-element-5dd646f elementor-widget elementor-widget-wpforms\" data-id=\"5dd646f\" data-element_type=\"widget\" data-e-type=\"widget\" data-widget_type=\"wpforms.default\">\n\t\t\t\t<div class=\"elementor-widget-container\">\n\t\t\t\t\t<div class=\"wpforms-container wpforms-container-full\" id=\"wpforms-2218\"><form id=\"wpforms-form-2218\" class=\"wpforms-validate wpforms-form\" data-formid=\"2218\" method=\"post\" enctype=\"multipart\/form-data\" action=\"\/en\/wp-json\/wp\/v2\/pages\/1352\" data-token=\"e127e556c99f7ba51105d6ae4730f66b\" data-token-time=\"1778848052\"><noscript class=\"wpforms-error-noscript\">Please enable JavaScript in your browser to complete this form.<\/noscript><div class=\"wpforms-field-container\"><div id=\"wpforms-2218-field_0-container\" class=\"wpforms-field wpforms-field-name\" data-field-id=\"0\"><label class=\"wpforms-field-label\" for=\"wpforms-2218-field_0\">Namn <span class=\"wpforms-required-label\">*<\/span><\/label><input type=\"text\" id=\"wpforms-2218-field_0\" class=\"wpforms-field-medium wpforms-field-required\" name=\"wpforms[fields][0]\" required><\/div><div id=\"wpforms-2218-field_6-container\" class=\"wpforms-field wpforms-field-select wpforms-field-select-style-classic\" data-field-id=\"6\"><label class=\"wpforms-field-label\" for=\"wpforms-2218-field_6\">Jag \u00e4r anm\u00e4ld till:<\/label><select id=\"wpforms-2218-field_6\" class=\"wpforms-field-medium\" name=\"wpforms[fields][6]\"><option value=\"Hathayoga (niv\u00e5 1-2) - m\u00e5n 17.45 (start v 35)\"  class=\"choice-1 depth-1\"  >Hathayoga (niv\u00e5 1-2) - m\u00e5n 17.45 (start v 35)<\/option><option value=\"Vinyasayoga (niv\u00e5 2) m\u00e5n 19.30 (start v 35\"  class=\"choice-2 depth-1\"  >Vinyasayoga (niv\u00e5 2) m\u00e5n 19.30 (start v 35<\/option><option value=\"Mamma-baby PYS tis 10.00 (start v 35\"  class=\"choice-3 depth-1\"  >Mamma-baby PYS tis 10.00 (start v 35<\/option><option value=\"PYS 90 (niv\u00e5 3) tisdagar 19.30 (start v 35)\"  class=\"choice-9 depth-1\"  >PYS 90 (niv\u00e5 3) tisdagar 19.30 (start v 35)<\/option><option value=\"Pilates Matwork (niv\u00e5 1-2) ons 17.15  (start v 35)\"  class=\"choice-5 depth-1\"  >Pilates Matwork (niv\u00e5 1-2) ons 17.15  (start v 35)<\/option><option value=\"Pilates Matwork (niv\u00e5 3) ons 18.25  (start v 35)\"  class=\"choice-6 depth-1\"  >Pilates Matwork (niv\u00e5 3) ons 18.25  (start v 35)<\/option><option value=\"Hatha flow (niv\u00e5 3) ons 19.30 (start v 35)\"  class=\"choice-7 depth-1\"  >Hatha flow (niv\u00e5 3) ons 19.30 (start v 35)<\/option><option value=\"Gravidyoga (niv\u00e5 1) tor 17.15 (start v 35)\"  class=\"choice-13 depth-1\"  >Gravidyoga (niv\u00e5 1) tor 17.15 (start v 35)<\/option><option value=\"Yinyoga (niv\u00e5 1) tor 18.25  (start v 35)\"  class=\"choice-12 depth-1\"  >Yinyoga (niv\u00e5 1) tor 18.25  (start v 35)<\/option><option value=\"De-stress yoga tor 19.40  (start v 35)\"  class=\"choice-11 depth-1\"  >De-stress yoga tor 19.40  (start v 35)<\/option><option value=\"Let Go Restorative &amp; Yin (niv\u00e5 1) fre 17.30  (start v 35)\"  class=\"choice-15 depth-1\"  >Let Go Restorative &amp; Yin (niv\u00e5 1) fre 17.30  (start v 35)<\/option><option value=\"PYS70 (niv\u00e5 1) s\u00f6n 14.45  (start v 35)\"  class=\"choice-16 depth-1\"  >PYS70 (niv\u00e5 1) s\u00f6n 14.45  (start v 35)<\/option><option value=\"Pilates Matwork (niv\u00e5 1-2) s\u00f6n 16.00  (start v 35)\"  class=\"choice-17 depth-1\"  >Pilates Matwork (niv\u00e5 1-2) s\u00f6n 16.00  (start v 35)<\/option><\/select><\/div><div id=\"wpforms-2218-field_2-container\" class=\"wpforms-field wpforms-field-textarea\" data-field-id=\"2\"><label class=\"wpforms-field-label\" for=\"wpforms-2218-field_2\">Meddelande <span class=\"wpforms-required-label\">*<\/span><\/label><textarea id=\"wpforms-2218-field_2\" class=\"wpforms-field-medium wpforms-field-required\" name=\"wpforms[fields][2]\" required><\/textarea><\/div><div id=\"wpforms-2218-field_9-container\" class=\"wpforms-field wpforms-field-phone\" data-field-id=\"9\"><label class=\"wpforms-field-label\" for=\"wpforms-2218-field_9\">Mitt mobilnummer<\/label><input type=\"tel\" id=\"wpforms-2218-field_9\" class=\"wpforms-field-medium\" data-rule-int-phone-field=\"true\" name=\"wpforms[fields][9]\" aria-label=\"Mitt mobilnummer\" ><\/div><div id=\"wpforms-2218-field_1-container\" class=\"wpforms-field wpforms-field-email\" data-field-id=\"1\"><label class=\"wpforms-field-label\" for=\"wpforms-2218-field_1\">E-post<\/label><input type=\"email\" id=\"wpforms-2218-field_1\" class=\"wpforms-field-medium\" name=\"wpforms[fields][1]\" spellcheck=\"false\" ><\/div><\/div><!-- .wpforms-field-container --><div class=\"wpforms-field wpforms-field-hp\"><label for=\"wpforms-2218-field-hp\" class=\"wpforms-field-label\">Name<\/label><input type=\"text\" name=\"wpforms[hp]\" id=\"wpforms-2218-field-hp\" class=\"wpforms-field-medium\"><\/div><div class=\"wpforms-recaptcha-container wpforms-is-recaptcha wpforms-is-recaptcha-type-v3\" ><input type=\"hidden\" name=\"wpforms[recaptcha]\" value=\"\"><\/div><div class=\"wpforms-submit-container\" ><input type=\"hidden\" name=\"wpforms[id]\" value=\"2218\"><input type=\"hidden\" name=\"page_title\" value=\"\"><input type=\"hidden\" name=\"page_url\" value=\"https:\/\/www.lidingopilatesyoga.se\/en\/wp-json\/wp\/v2\/pages\/1352\"><input type=\"hidden\" name=\"url_referer\" value=\"\"><button type=\"submit\" name=\"wpforms[submit]\" id=\"wpforms-submit-2218\" class=\"wpforms-submit\" data-alt-text=\"Skickar...\" data-submit-text=\"Skicka\" aria-live=\"assertive\" value=\"wpforms-submit\">Skicka<\/button><\/div><input\n                    class=\"apbct_special_field apbct_email_id__wp_wpforms\"\n                    name=\"apbct__email_id__wp_wpforms\"\n                    aria-label=\"apbct__label_id__wp_wpforms\"\n                    type=\"text\" size=\"30\" maxlength=\"200\" autocomplete=\"off\"\n                    value=\"\"\n                \/><input\n                    class=\"apbct_special_field apbct_email_id__elementor_form\"\n                    name=\"apbct__email_id__elementor_form\"\n                    aria-label=\"apbct__label_id__elementor_form\"\n                    type=\"text\" size=\"30\" maxlength=\"200\" autocomplete=\"off\"\n                    value=\"\"\n                \/><\/form><\/div>  <!-- .wpforms-container -->\t\t\t\t<\/div>\n\t\t\t\t<\/div>\n\t\t\t\t\t<\/div>\n\t\t<\/div>\n\t\t\t\t<div class=\"elementor-column elementor-col-16 elementor-top-column elementor-element elementor-element-46bec561\" data-id=\"46bec561\" data-element_type=\"column\" data-e-type=\"column\">\n\t\t\t<div class=\"elementor-widget-wrap\">\n\t\t\t\t\t\t\t<\/div>\n\t\t<\/div>\n\t\t\t\t\t<\/div>\n\t\t<\/section>\n\t\t\t\t<\/div>\n\t\t","protected":false},"excerpt":{"rendered":"<p>Aktivera JavaScript i din webbl\u00e4sare f\u00f6r att slutf\u00f6ra detta formul\u00e4r.Namn *Jag \u00e4r anm\u00e4ld till:Hathayoga (niv\u00e5 1-2) &#8211; m\u00e5n 17.45 (start v 35)Vinyasayoga (niv\u00e5 2) m\u00e5n 19.30 (start v 35Mamma-baby PYS tis 10.00 (start v 35PYS 90 (niv\u00e5 3) tisdagar 19.30 (start v 35)Pilates Matwork (niv\u00e5 1-2) ons 17.15 (start v 35)Pilates Matwork (niv\u00e5 3) ons [&hellip;]<\/p>\n","protected":false},"author":2,"featured_media":0,"parent":16,"menu_order":25,"comment_status":"open","ping_status":"open","template":"","meta":{"_acf_changed":false,"footnotes":""},"wf_page_folders":[112],"class_list":["post-1352","page","type-page","status-publish","hentry"],"acf":[],"_links":{"self":[{"href":"https:\/\/www.lidingopilatesyoga.se\/en\/wp-json\/wp\/v2\/pages\/1352","targetHints":{"allow":["GET"]}}],"collection":[{"href":"https:\/\/www.lidingopilatesyoga.se\/en\/wp-json\/wp\/v2\/pages"}],"about":[{"href":"https:\/\/www.lidingopilatesyoga.se\/en\/wp-json\/wp\/v2\/types\/page"}],"author":[{"embeddable":true,"href":"https:\/\/www.lidingopilatesyoga.se\/en\/wp-json\/wp\/v2\/users\/2"}],"replies":[{"embeddable":true,"href":"https:\/\/www.lidingopilatesyoga.se\/en\/wp-json\/wp\/v2\/comments?post=1352"}],"version-history":[{"count":0,"href":"https:\/\/www.lidingopilatesyoga.se\/en\/wp-json\/wp\/v2\/pages\/1352\/revisions"}],"up":[{"embeddable":true,"href":"https:\/\/www.lidingopilatesyoga.se\/en\/wp-json\/wp\/v2\/pages\/16"}],"wp:attachment":[{"href":"https:\/\/www.lidingopilatesyoga.se\/en\/wp-json\/wp\/v2\/media?parent=1352"}],"wp:term":[{"taxonomy":"wf_page_folders","embeddable":true,"href":"https:\/\/www.lidingopilatesyoga.se\/en\/wp-json\/wp\/v2\/wf_page_folders?post=1352"}],"curies":[{"name":"wp","href":"https:\/\/api.w.org\/{rel}","templated":true}]}}