{"id":118,"date":"2013-12-13T13:49:07","date_gmt":"2013-12-13T12:49:07","guid":{"rendered":"\/?page_id=118"},"modified":"2024-12-10T18:08:54","modified_gmt":"2024-12-10T17:08:54","slug":"villkor","status":"publish","type":"page","link":"https:\/\/www.lidingopilatesyoga.se\/en\/anmalan\/villkor\/","title":{"rendered":"Terms"},"content":{"rendered":"<h2>TERMS FOR LIDING\u00d6 PILATES &amp; YOGA CENTER<\/h2>\n<p><strong>1. Notification<\/strong><br \/>\nRegistration for a course is binding and is done on our website, via email or by phone. Liding\u00f6 Pilates &amp; Yoga Center reserves the right, due to moved or canceled courses, to offer a different place than the one for which the registration refers. The courses are not instructor-bound.<\/p>\n<p><strong>2. Payment<br \/>\n<\/strong><\/p>\n<p>Betalningen g\u00f6rs via swish 123 491 6151 (Liding\u00f6 Pilates &amp; Yoga Center), ange ditt namn och kurskod enligt kallelsen som du f\u00e5tt via mail. Betalningen ska vara oss till handa innan kursstart, f\u00f6rfallodatum framg\u00e5r av kallelsen till kursen. Vid betalning efter f\u00f6rfallodagen p\u00e5f\u00f6rs en p\u00e5minnelseavgift om 60 kr f\u00f6r p\u00e5minnelse 1 (via mail) och d\u00e4refter 60 kr vid p\u00e5minnelse 2 (via post) samt debiteras dr\u00f6jsm\u00e5lsr\u00e4nta enl. g\u00e4llande r\u00e4ntelag.<\/p>\n<p>When registering for an ongoing course, payment must be made in connection with the registration (within 48 hours).<\/p>\n<p>SEK 100 of the course fee is an administrative fee.<\/p>\n<p><strong>3. Deregistration<\/strong><br \/>\nCancellation must be made no later than the day before the due date and is done via e-mail to <a href=\"mailto:info@lidingopilatesyoga.se\"><span style=\"color: white;\">info@lidingopilatesyoga.se<\/span><\/a>. If the cancellation is made in time, no fee is charged. In case of later cancellation, the full fee will be charged.<\/p>\n<p>In the event of illness\/injury, a medical certificate is required stating that the course cannot be completed. From the date the injury is reported to Liding\u00f6 Pilates &amp; Yoga Center via email, the remaining part of the course fee (minus the administrative fee) can be saved and used as a partial payment for the next course period. Outstanding course fee due to illness\/injury is personal. In order to be able to use the missed opportunities as part payment, the medical certificate must be available to us no later than one month after the injury\/illness has been reported. Post-dated medical certificates are not accepted.<\/p>\n<p><strong>4. Refund<\/strong><br \/>\nReimbursement only takes place in cases where cancellation has taken place in accordance with the conditions for cancellation. In the event of a doctor&#039;s certificate that the course cannot be completed, the remaining course fee is saved as partial payment until the next course round. The amount deposited is personal and cannot be transferred to another person.<\/p>\n<p><strong>5. Equipment<br \/>\n<\/strong>Soft and comfortable training clothes. No shoes needed. Yoga mats, pilates equipment and blankets and other aids are available to borrow in our halls.<\/p>\n<p><strong>6. Missed opportunity<br \/>\n<\/strong>A missed lesson can be retaken on another course during the duration of the period, subject to availability. Absences and wishes to make up must be reported via the appropriate form on the website before the lesson in order to apply.<\/p>\n<p><strong>7. Miscellaneous<\/strong><br \/>\nLiding\u00f6 Pilates &amp; Yoga Center reserves the right to change time, place and instructor if necessary.<\/p>\n<p>We are not responsible for clothing and personal belongings.<\/p>","protected":false},"excerpt":{"rendered":"<p>VILLKOR F\u00d6R LIDING\u00d6 PILATES &amp; YOGA CENTER 1. Anm\u00e4lan Anm\u00e4lan till en kurs \u00e4r bindande och g\u00f6rs p\u00e5 v\u00e5r hemsida, via mail eller per telefon. Liding\u00f6 Pilates &amp; Yoga Center f\u00f6rbeh\u00e5ller sig r\u00e4tten att p\u00e5 grund av flyttade eller inst\u00e4llda kurser erbjuda annan plats \u00e4n den som anm\u00e4lan avser. Kurserna \u00e4r inte instrukt\u00f6rsbundna. 2. Betalning [&hellip;]<\/p>\n","protected":false},"author":2,"featured_media":0,"parent":16,"menu_order":70,"comment_status":"closed","ping_status":"closed","template":"","meta":{"_acf_changed":false,"footnotes":""},"wf_page_folders":[112],"class_list":["post-118","page","type-page","status-publish","hentry"],"acf":[],"_links":{"self":[{"href":"https:\/\/www.lidingopilatesyoga.se\/en\/wp-json\/wp\/v2\/pages\/118","targetHints":{"allow":["GET"]}}],"collection":[{"href":"https:\/\/www.lidingopilatesyoga.se\/en\/wp-json\/wp\/v2\/pages"}],"about":[{"href":"https:\/\/www.lidingopilatesyoga.se\/en\/wp-json\/wp\/v2\/types\/page"}],"author":[{"embeddable":true,"href":"https:\/\/www.lidingopilatesyoga.se\/en\/wp-json\/wp\/v2\/users\/2"}],"replies":[{"embeddable":true,"href":"https:\/\/www.lidingopilatesyoga.se\/en\/wp-json\/wp\/v2\/comments?post=118"}],"version-history":[{"count":0,"href":"https:\/\/www.lidingopilatesyoga.se\/en\/wp-json\/wp\/v2\/pages\/118\/revisions"}],"up":[{"embeddable":true,"href":"https:\/\/www.lidingopilatesyoga.se\/en\/wp-json\/wp\/v2\/pages\/16"}],"wp:attachment":[{"href":"https:\/\/www.lidingopilatesyoga.se\/en\/wp-json\/wp\/v2\/media?parent=118"}],"wp:term":[{"taxonomy":"wf_page_folders","embeddable":true,"href":"https:\/\/www.lidingopilatesyoga.se\/en\/wp-json\/wp\/v2\/wf_page_folders?post=118"}],"curies":[{"name":"wp","href":"https:\/\/api.w.org\/{rel}","templated":true}]}}