{"id":23815,"date":"2020-02-11T14:05:49","date_gmt":"2020-02-11T13:05:49","guid":{"rendered":"\/?post_type=product&#038;p=23815"},"modified":"2024-04-17T09:26:24","modified_gmt":"2024-04-17T07:26:24","slug":"props-kit","status":"publish","type":"product","link":"http:\/\/www.lidingopilatesyoga.se\/en\/product\/props-kit\/","title":{"rendered":"Props kit"},"content":{"rendered":"","protected":false},"excerpt":{"rendered":"<p>Har du l\u00e4nge \u00f6nskat att du kunde ha fler props hemma att hj\u00e4lpa dig i din yoga- och pilatesresa?<\/p>\n<p>Just nu har vi en kampanj d\u00e4r du f\u00f6r endast 400 kr (ordinarie pris 440 kr) kan best\u00e4lla hem ditt alldeles egna props-kit! Med hj\u00e4lp av block och b\u00e4lte f\u00e5r du chansen att sjunka ned djupare i utmanande positioner och st\u00f6ttning d\u00e4r det beh\u00f6vs. Varva sedan ned efter din tid p\u00e5 mattan med v\u00e5ra mjuka \u00f6gonkuddar med en lugn doft av lavender.<\/p>\n<p>&nbsp;<\/p>","protected":false},"featured_media":23817,"template":"","meta":{"_acf_changed":false},"product_brand":[],"product_cat":[72],"product_tag":[],"annonsera_pa_startsidan":[],"wf_product_folders":[102],"class_list":{"0":"post-23815","1":"product","2":"type-product","3":"status-publish","4":"has-post-thumbnail","6":"product_cat-props","8":"first","9":"instock","10":"taxable","11":"shipping-taxable","12":"purchasable","13":"product-type-simple"},"acf":[],"_links":{"self":[{"href":"http:\/\/www.lidingopilatesyoga.se\/en\/wp-json\/wp\/v2\/product\/23815","targetHints":{"allow":["GET"]}}],"collection":[{"href":"http:\/\/www.lidingopilatesyoga.se\/en\/wp-json\/wp\/v2\/product"}],"about":[{"href":"http:\/\/www.lidingopilatesyoga.se\/en\/wp-json\/wp\/v2\/types\/product"}],"wp:featuredmedia":[{"embeddable":true,"href":"http:\/\/www.lidingopilatesyoga.se\/en\/wp-json\/wp\/v2\/media\/23817"}],"wp:attachment":[{"href":"http:\/\/www.lidingopilatesyoga.se\/en\/wp-json\/wp\/v2\/media?parent=23815"}],"wp:term":[{"taxonomy":"product_brand","embeddable":true,"href":"http:\/\/www.lidingopilatesyoga.se\/en\/wp-json\/wp\/v2\/product_brand?post=23815"},{"taxonomy":"product_cat","embeddable":true,"href":"http:\/\/www.lidingopilatesyoga.se\/en\/wp-json\/wp\/v2\/product_cat?post=23815"},{"taxonomy":"product_tag","embeddable":true,"href":"http:\/\/www.lidingopilatesyoga.se\/en\/wp-json\/wp\/v2\/product_tag?post=23815"},{"taxonomy":"annonsera_pa_startsidan","embeddable":true,"href":"http:\/\/www.lidingopilatesyoga.se\/en\/wp-json\/wp\/v2\/annonsera_pa_startsidan?post=23815"},{"taxonomy":"wf_product_folders","embeddable":true,"href":"http:\/\/www.lidingopilatesyoga.se\/en\/wp-json\/wp\/v2\/wf_product_folders?post=23815"}],"curies":[{"name":"wp","href":"https:\/\/api.w.org\/{rel}","templated":true}]}}