{"id":12596,"date":"2019-10-21T12:25:15","date_gmt":"2019-10-21T10:25:15","guid":{"rendered":"\/?post_type=product&#038;p=12596"},"modified":"2024-04-17T09:23:52","modified_gmt":"2024-04-17T07:23:52","slug":"balte","status":"publish","type":"product","link":"http:\/\/www.lidingopilatesyoga.se\/en\/product\/balte\/","title":{"rendered":"Belt"},"content":{"rendered":"","protected":false},"excerpt":{"rendered":"<p>F\u00f6r dig som l\u00e4ngtar efter att kunna sjunka \u00e4nnu djupare in i stretch och f\u00f6rl\u00e4ngande positioner kan ett yogab\u00e4lte vara ett otroligt hj\u00e4lpsamt och flexibelt redskap.<\/p>\n<p>Detta stadiga b\u00e4lte \u00e4r 2 meter l\u00e5ngt, en perfekt l\u00e4ngd f\u00f6r att kunna justera och anpassa utifr\u00e5n d\u00e4r du befinner dig. Med hj\u00e4lp av ett b\u00e4lte skapar du sp\u00e4nning och motst\u00e5nd i kroppen utan att l\u00e5sa muskler i anstr\u00e4ngande positioner. Det \u00e4r ett mjukt och t\u00e5ligt redskap f\u00f6r att st\u00f6tta dig p\u00e5 din resa.<\/p>","protected":false},"featured_media":12260,"template":"","meta":{"_acf_changed":false},"product_brand":[],"product_cat":[72],"product_tag":[],"annonsera_pa_startsidan":[],"wf_product_folders":[102],"class_list":{"0":"post-12596","1":"product","2":"type-product","3":"status-publish","4":"has-post-thumbnail","6":"product_cat-props","8":"first","9":"instock","10":"taxable","11":"shipping-taxable","12":"purchasable","13":"product-type-simple"},"acf":[],"_links":{"self":[{"href":"http:\/\/www.lidingopilatesyoga.se\/en\/wp-json\/wp\/v2\/product\/12596","targetHints":{"allow":["GET"]}}],"collection":[{"href":"http:\/\/www.lidingopilatesyoga.se\/en\/wp-json\/wp\/v2\/product"}],"about":[{"href":"http:\/\/www.lidingopilatesyoga.se\/en\/wp-json\/wp\/v2\/types\/product"}],"wp:featuredmedia":[{"embeddable":true,"href":"http:\/\/www.lidingopilatesyoga.se\/en\/wp-json\/wp\/v2\/media\/12260"}],"wp:attachment":[{"href":"http:\/\/www.lidingopilatesyoga.se\/en\/wp-json\/wp\/v2\/media?parent=12596"}],"wp:term":[{"taxonomy":"product_brand","embeddable":true,"href":"http:\/\/www.lidingopilatesyoga.se\/en\/wp-json\/wp\/v2\/product_brand?post=12596"},{"taxonomy":"product_cat","embeddable":true,"href":"http:\/\/www.lidingopilatesyoga.se\/en\/wp-json\/wp\/v2\/product_cat?post=12596"},{"taxonomy":"product_tag","embeddable":true,"href":"http:\/\/www.lidingopilatesyoga.se\/en\/wp-json\/wp\/v2\/product_tag?post=12596"},{"taxonomy":"annonsera_pa_startsidan","embeddable":true,"href":"http:\/\/www.lidingopilatesyoga.se\/en\/wp-json\/wp\/v2\/annonsera_pa_startsidan?post=12596"},{"taxonomy":"wf_product_folders","embeddable":true,"href":"http:\/\/www.lidingopilatesyoga.se\/en\/wp-json\/wp\/v2\/wf_product_folders?post=12596"}],"curies":[{"name":"wp","href":"https:\/\/api.w.org\/{rel}","templated":true}]}}